{"id":13394,"date":"2021-08-20T17:36:24","date_gmt":"2021-08-20T17:36:24","guid":{"rendered":"https:\/\/swest.ee\/voodipesud\/?page_id=13394"},"modified":"2021-08-21T20:59:19","modified_gmt":"2021-08-21T17:59:19","slug":"muugitingimused","status":"publish","type":"page","link":"https:\/\/swest.ee\/voodipesud\/muugitingimused\/","title":{"rendered":"M\u00fc\u00fcgitingimused"},"content":{"rendered":"[vc_row pix_particles_check=&#8221;&#8221;][vc_column][vc_column_text]\r\n<h3><strong>1. \u00dcldtingimused<\/strong><\/h3>\r\n1.1. M\u00fc\u00fcgitingimused kehtivad Swest klientide (edaspidi Klient) ja Swest omaniku Swest O\u00dc (edaspidi Teenuseosutaja) vahel kaupade ostmisel tekkivate \u00f5igussuhete kohta.\r\n\r\n1.2. M\u00fc\u00fcgitingimused ei saa vastuolus olla Eesti Vabariigis kehtivate \u00f5igusnormidega ning vajadusel on antud normidega t\u00e4iendatud.\r\n\r\n1.3. Lisaks k\u00e4esolevatele m\u00fc\u00fcgitingimustele reguleerivad Kliendi ja Teenuseosutaja vahelisi suhteid hinnakiri ja v\u00e4ljakujunenud head tavad,toodete lisainfo ja Swest\r\n<h4><strong>Kuidas osta? Juhend ning Taganemis\u00f5iguse tingimused<\/strong><\/h4>\r\n1.4. Teenuseosutaja j\u00e4tab endale \u00f5iguse muuta m\u00fc\u00fcgitingimusi ja hinnakirja teenuste arendamise ning teenuste ja kaupade sortimendi t\u00e4iendamise eesm\u00e4rgil. M\u00fc\u00fcgitingimused ja nende muudatused j\u00f5ustuvad alates avaldamisest ostukeskkonnas https:\/\/www.swest.ee\/voodipesud. Juhul, kui Klient edastab oma tellimuse enne m\u00fc\u00fcgitingimuste muudatuste j\u00f5ustumist, kehtivad Kliendi jaoks tellimuse edastamise ajal kehtinud m\u00fc\u00fcgitingimused, v.a juhul, kui seaduses v\u00f5i m\u00fc\u00fcgitingimustes ei ole s\u00e4testatud teisiti.\r\n\r\n1.5 Ostukeskkonnas www.swest.ee\/voodipesud tellimuse vormistamisega kinnitab Klient, et on tutvunud m\u00fc\u00fcgitingimustega ja on n\u00f5us neid t\u00e4itma.\r\n<h3><strong>2. Swest hinnakiri<\/strong><\/h3>\r\n2.1. Ostukeskkonnas m\u00fc\u00fcdavate toodete hinnad on toodud eurodes. Ostukeskkonnas m\u00e4rgitud hinnad ei sisalda postikulu.\r\n\r\n2.2. Transpordi hind kuvatakse kliendile ostukorvis p\u00e4rast kohaletoimetamise viisi valikut.\r\n\r\n2.3. Teenuseosutaja j\u00e4tab endale \u00f5iguse muuta hindu. Kui Klient edastas oma tellimuse enne hinna muudatuste j\u00f5ustumist, siis tema jaoks kehtib hind, mis oli arvel kajastatud tellimuse vormistamise momendil.\r\n\r\n2.4. T\u00e4psem informatsioon kohaletoimetamiseviiside ja hindade kohta on toodud Kuidas osta? Juhendi all.\r\n<h3><strong>3. Tellimuse vormistamine ja kauba eest tasumine<\/strong><\/h3>\r\n3.1. Ostukeskkonnas saab kaupa tellida nii registreeritud kasutaja ehk p\u00fcsikliendina kui ka k\u00fclalisena. Registreerumine ostukeskkonna p\u00fcsikliendiks on tasuta.\r\n\r\n3.2. Toote Ostukorvi lisamine ei kohusta Klienti veel ostma.\r\n\r\n3.3. Klient saab muuta Ostukorvis olevate toodete kogust ning neid vajadusel Ostukorvist eemaldada.\r\n\r\n3.4. Ostukorvis olevad tooted on tellimuse kinnitamiseni saadaval ka teistele Klientidele, ostukorvi lisamine ei broneeri toodet.\r\n\r\n3.5. Tellimuse vormistamiseks vajutab Klient nupule \u201cVormista ost.\u201d\r\n\r\n3.6. Ostukeskkonnas tellimuse vormistamisega kinnitab Klient, et on n\u00f5us m\u00fc\u00fcgitingimustes s\u00e4testatud tingimustega ning kohustub neid t\u00e4itma.\r\n\r\n3.7. Tellimuse vormistamisel valib Klient endale meelep\u00e4rase kohaletoimetamise viisi ja maksemeetodi ning kontrollib, kas arveaadressi ja tarneaadressi andmed on \u00f5iged.\r\n\r\n3.8. Kliendil on v\u00f5imalik tasumiseks valida Montonio Finance O\u00dc poolt pakutavate pangalinkide (Swedbank, SEB, Luminor, LHV, Coop Pank) makseviise.\r\n\r\n3.9. P\u00e4rast ostukeskkonnas tellimuse vormistamist saadetakse kliendi e-mailile automaatselt arve.\r\n\r\n3.10. Kui Kliendi e-posti aadressile ei ole arvet saabunud, siis kas ei ole tellimus korrektselt vormistatud, Kliendi e-post on limiidi \u00fcletanud v\u00f5i on ekslikult sisestatud vale e-posti aadress. Kui Kliendi e-posti aadressile ei ole 1 tunni jooksul peale tellimuse vormistamist saabunud arvet, siis palume \u00fchendust v\u00f5tta info@swest.ee.\r\n\r\n3.11. Tellimus postitatakse, kui teenuseosutaja Swest O\u00dc arvelduskontole on laekunud 100% tasumisele kuuluvast summast.\r\n<h3><strong>4. Toodete kohaletoimetamine ja \u00fcleandmine<\/strong><\/h3>\r\n4.1. Tellimuse vormistamisel saab Klient valida omale sobiva kohaletoimetamisviisi.\r\n\r\n4.2. Teenuseosutaja kohustub Klienti teavitama tarneaja muutumisest esimesel v\u00f5imalusel p\u00e4rast informatsiooni saamist.\r\n\r\n4.3. Teenuseosutaja vastutab tellitud kauba eest selle transportimise jooksul, kauba k\u00e4ttesaamise hetkest SmartPost v\u00f5i Omniva pakiautomaadist \u00a0v\u00f5i l\u00e4himast postkontorist l\u00e4heb kauba kahjustumise ja\/v\u00f5i kadumise risk \u00fcle Kliendile.\r\n\r\n4.4. Juhul, kui Klient on kauba k\u00e4ttesaajaks m\u00e4rkinud kolmanda isiku (n\u00e4iteks kingituse saaja), kinnitab ta vastava korralduse andmisega, et nimetatud kolmas isik v\u00f5tab endale kauba vastuv\u00f5tmise kohustuse ja vastutuse selle juhusliku kahjustumise ja\/v\u00f5i h\u00e4vimise riski eest alates kauba vastuv\u00f5tmisest SmartPost v\u00f5i Omniva pakiautomaadist v\u00f5i l\u00e4himast postkontorist.\r\n\r\n4.5. Teenuseosutaja ei saa tellimusi tagasi kutsuda p\u00e4rast kauba v\u00e4ljasaatmist (s.t. juhul, kui kaup on Kliendile v\u00e4lja saadetud j\u00e4\u00e4b kauba mittesobivuse korral kehtima vaid tavap\u00e4rane 14-p\u00e4evane tagastamis\u00f5igus).\r\n<h3><strong>5. Tellimuse t\u00fchistamine, toote tagastamine ja vahetamine<\/strong><\/h3>\r\n5.1. Kui olete sisestanud vale tellimuse v\u00f5i soovite tellimust t\u00fchistada, saatke palun koheselt e-mail aadressile info@swest.ee\r\n\r\n5.2. Kui tellitud toode ei sobi v\u00f5i ei vasta Kliendi ootustele on Kliendil \u00f5igus toode 14 p\u00e4eva jooksul, alates toote k\u00e4ttesaamisest, teise toote vastu vahetada v\u00f5i raha tagasi saada. Selleks teavitage Teenuseosutajat koheselt e-posti info@swest.ee.\r\n\r\n5.3. Tagastatav kaup peab olema kasutamata, siltidega ja originaalpakendis. Raha tagastatud kauba eest laekub tagasi Kliendi pangakontole esimesel v\u00f5imalusel, kuid mitte hiljem kui 30 p\u00e4eva m\u00f6\u00f6dudes arvates lepingust taganemisest (V\u00d5S \u00a7 56 lg 3). Tagastuse k\u00e4ttesaamise kohta saadetakse Kliendi e-posti aadressile kinnitus.\r\n\r\n5.4. Kauba tagastamise kulud kannab vastavalt V\u00d5S \u00a7 194 lg 4 kuni 10 \u20ac ulatuses Klient, v\u00e4lja arvatud juhul, kui \u00fcleantud asi ei vasta tellitule.\r\n\r\n5.5. Kui Klient soovib saadud toote \u00fcmber vahetada m\u00f5ne muu suuruse v\u00f5i teise kauba vastu, tagastab ta tellimuse ja vormistab soovitud tootele uue tellimuse.\r\n\r\n5.6. Swest tagastab Kliendi poolt tellimisel tasutud postikulu, kui Klient tagastab tellimuse t\u00e4ies ulatuses. Kui tellimus tagastatakse osaliselt v\u00f5i kui tagastatavale tootele soovitakse vahetustoodet, mis v\u00e4ljastatakse Swesti kulul, tellimisel tasutud postikulu ei tagastata.\r\n\r\n5.7. Kui kaup on kahjustustega, mida polnud v\u00e4lisel vaatlusel tuvastatud ning mis pole tekkinud pakendi avamisel v\u00f5i kui kaup ei ole see, mida Klient tellis, kannab tagastamiskulu Swest. Kliendil tuleb kauba tagastamisel pakile lisada v\u00f5i e-posti aadressile Swestou@gmail.com saata kviitung postikulu kohta.\r\n\r\n5.8. Taganemis\u00f5iguse kasutamiseks peab Klient tootepakendi avama ettevaatlikult seda kahjustamata. Kui tagastatav toode on viga saanud ja antud olukord on p\u00f5hjustatud Kliendi poolt toote mittesihip\u00e4rase kasutamise, Kliendi s\u00fc\u00fc v\u00f5i hoolimatuse t\u00f5ttu tekkinud asjaoludest, j\u00e4tab Swest endale \u00f5iguse tasaarveldada toote v\u00e4\u00e4rtuse v\u00e4henemine Kliendile tagastamisele kuuluvast summast.\r\n\r\n5.9. Tagastus tuleb Swesti toimetada 30 p\u00e4eva jooksul alates tagastuse teavituse saatmisest.\r\n\r\n5.10. Tagasimakse sooritatakse 30 p\u00e4eva jooksul arvates lepingust taganemisest samale arveldusarvele, milliselt tellimuse eest tasuti.\r\n\r\n5.11. Toote tagastamise ja vahetamise kohta v\u00f5ib lugeda Tagastamise alt.\r\n<h3><strong>6. Pretensiooni esitamise \u00f5igus ja n\u00f5uetele mittevastavate toodete tagastamine<\/strong><\/h3>\r\n6.1. Vastavalt V\u00d5S \u00a7 218 lg 2 on Kliendil \u00f5igus pretensiooni esitada kahe aasta jooksul alates kauba k\u00e4ttesaamisest. Sellest kuue esimese kuu jooksul tekkinud defekti puhul eeldatakse, et see oli olemas toote ostmise momendil ning defekti iseloomu peab v\u00e4lja selgitama m\u00fc\u00fcja.\r\n\r\n6.2. Kui defekt on tehnoloogilise iseloomuga, v\u00f5ib Klient n\u00f5uda toote parandamist ning parandamise v\u00f5imatuse v\u00f5i ebaefektiivsuse korral toote asendamist v\u00f5i raha tagastamist.\r\n\r\n6.3. Toote n\u00f5uetele mittevastavuse ilmnemisel peab Klient kahe kuu jooksul saatma e-kirja aadressile info@swest.ee j\u00e4rgneva infoga:\r\n\r\n6.3.1. Kliendi nimi ja kontaktandmed;\r\n\r\n6.3.2. Kaebuse esitamise kuup\u00e4ev;\r\n\r\n6.3.3. Tootel ilmnenud defekt, v\u00f5imalusel lisage ka fotod;\r\n\r\n6.3.4. Teenuse osutajale esitatav n\u00f5ue;\r\n\r\n6.3.5. Arve number, v\u00f5imalusel lisada arve koopia.\r\n\r\n6.4. Vastav avaldus peab olema saadetud hiljemalt 2 kuu jooksul peale defekti ilmnemist. Nimetatud t\u00e4htaja m\u00f5juva p\u00f5hjuseta j\u00e4rgimata j\u00e4tmise korral kaotab Klient \u00f5iguse n\u00f5uda Teenuse osutajalt tasuta toote parandamist v\u00f5i detaili vahetamist.\r\n\r\n6.5. Teenuseosutaja ei vastuta:\r\n\r\n6.5.1. Kliendi s\u00fc\u00fcl v\u00f5i hoolimatusel toote kahjustamise eest;\r\n\r\n6.5.2. Defektide eest, mis on tekkinud toote mittesihip\u00e4rase kasutamise tagaj\u00e4rjel;\r\n\r\n6.5.3. Toote loomuliku f\u00fc\u00fcsilise kulumise eest tavap\u00e4rase kasutamise korral.\r\n\r\n6.6. Toote n\u00f5uetele mittevastavuse ja pretensiooni esitamise kohta v\u00f5ib l\u00e4hemalt lugeda Tarbijakaitseameti kodulehek\u00fcljelt www.tka.riik.ee\/tarbija.\r\n<h3><strong>7. L\u00f5pps\u00e4tted<\/strong><\/h3>\r\n7.1. Swest kasutab Kliendi poolt antud isikuandmeid ainult Kliendi ostutellimuse t\u00e4itmiseks. Swest ei avalda ostude k\u00e4igus teatavaks saanud informatsiooni kolmandatele osapooltele, v.a. \u00a0koost\u00f6\u00f6partneritele tellimuse kohaletoimetamiseks ja seadusega etten\u00e4htud juhtudel.\r\n\r\n7.2. Swest j\u00e4tab endale \u00f5iguse saata Kliendile infot uute toodete ja sooduspakkumiste kohta, kui Klient on tellinud Swestt uudiskirja. Kliendil on \u00f5igus oma andmed kustutada Swesti andmebaasist.\r\n\r\n7.3. Teenuseosutaja ei vastuta tellitud toodete mittesihip\u00e4rasest kasutamisest tekkinud kahjude eest, samuti kohaletoimetamise viivituse eest, kui see on tingitud asjaoludest, mida Teenuseosutaja ei saanud m\u00f5jutada ja\/v\u00f5i mis on tingitud temast mitteolenevast v\u00e4\u00e4ramatust j\u00f5ust.\r\n\r\n7.4. K\u00e4esolevate tingimuste t\u00e4itmisest tulenevaid eriarvamusi ja vaidlusi lahendavad pooled eelk\u00f5ige l\u00e4bir\u00e4\u00e4kimiste teel. Kui M\u00fc\u00fcgilepingust tulenevaid vaidlusi ei \u00f5nnestu lahendada poolte l\u00e4bir\u00e4\u00e4kimistega, on Kliendil \u00f5igus p\u00f6\u00f6rduda oma \u00f5iguste kaitseks Tarbijakaitseametisse ning Teenuseosutajal kohtusse.\r\n<h3><strong>8. Lisainfo<\/strong><\/h3>\r\n8.1. K\u00f5ik Swesti\u00a0tooteid, kampaaniaid v\u00f5i muud olulist infot puudutavad k\u00fcsimused ja ettepanekud on oodatud e-posti aadressile info@swest.ee. Swest vastab saadetud kirjadele esimesel v\u00f5imalusel, kuid mitte hiljem kui 3 t\u00f6\u00f6p\u00e4eva jooksul.[\/vc_column_text][\/vc_column][\/vc_row]","protected":false},"excerpt":{"rendered":"[vc_row pix_particles_check=&#8221;&#8221;][vc_column][vc_column_text] 1. \u00dcldtingimused 1.1. M\u00fc\u00fcgitingimused kehtivad Swest klientide (edaspidi Klient) ja Swest omaniku Swest O\u00dc (edaspidi Teenuseosutaja) vahel kaupade ostmisel tekkivate \u00f5igussuhete kohta. 1.2. M\u00fc\u00fcgitingimused ei saa vastuolus olla Eesti Vabariigis kehtivate \u00f5igusnormidega ning vajadusel on antud normidega t\u00e4iendatud&#8230;.","protected":false},"author":1,"featured_media":0,"parent":0,"menu_order":0,"comment_status":"closed","ping_status":"closed","template":"","meta":[],"yoast_head":"<!-- This site is optimized with the Yoast SEO plugin v19.14 - https:\/\/yoast.com\/wordpress\/plugins\/seo\/ -->\n<title>M\u00fc\u00fcgitingimused - Voodipesu komplektid - Swest<\/title>\n<meta name=\"robots\" content=\"index, follow, max-snippet:-1, max-image-preview:large, max-video-preview:-1\" \/>\n<link rel=\"canonical\" href=\"https:\/\/swest.ee\/voodipesud\/muugitingimused\/\" \/>\n<meta property=\"og:locale\" content=\"et_EE\" \/>\n<meta property=\"og:type\" content=\"article\" \/>\n<meta property=\"og:title\" content=\"M\u00fc\u00fcgitingimused - Voodipesu komplektid - Swest\" \/>\n<meta property=\"og:description\" content=\"[vc_row pix_particles_check=&#8221;&#8221;][vc_column][vc_column_text] 1. \u00dcldtingimused 1.1. M\u00fc\u00fcgitingimused kehtivad Swest klientide (edaspidi Klient) ja Swest omaniku Swest O\u00dc (edaspidi Teenuseosutaja) vahel kaupade ostmisel tekkivate \u00f5igussuhete kohta. 1.2. M\u00fc\u00fcgitingimused ei saa vastuolus olla Eesti Vabariigis kehtivate \u00f5igusnormidega ning vajadusel on antud normidega t\u00e4iendatud....\" \/>\n<meta property=\"og:url\" content=\"https:\/\/swest.ee\/voodipesud\/muugitingimused\/\" \/>\n<meta property=\"og:site_name\" content=\"Voodipesu komplektid - Swest\" \/>\n<meta property=\"article:modified_time\" content=\"2021-08-21T17:59:19+00:00\" \/>\n<meta name=\"twitter:card\" content=\"summary_large_image\" \/>\n<meta name=\"twitter:label1\" content=\"Est. reading time\" \/>\n\t<meta name=\"twitter:data1\" content=\"7 minutit\" \/>\n<script type=\"application\/ld+json\" class=\"yoast-schema-graph\">{\"@context\":\"https:\/\/schema.org\",\"@graph\":[{\"@type\":\"WebPage\",\"@id\":\"https:\/\/swest.ee\/voodipesud\/muugitingimused\/\",\"url\":\"https:\/\/swest.ee\/voodipesud\/muugitingimused\/\",\"name\":\"M\u00fc\u00fcgitingimused - Voodipesu komplektid - Swest\",\"isPartOf\":{\"@id\":\"https:\/\/swest.ee\/voodipesud\/#website\"},\"datePublished\":\"2021-08-20T17:36:24+00:00\",\"dateModified\":\"2021-08-21T17:59:19+00:00\",\"breadcrumb\":{\"@id\":\"https:\/\/swest.ee\/voodipesud\/muugitingimused\/#breadcrumb\"},\"inLanguage\":\"et\",\"potentialAction\":[{\"@type\":\"ReadAction\",\"target\":[\"https:\/\/swest.ee\/voodipesud\/muugitingimused\/\"]}]},{\"@type\":\"BreadcrumbList\",\"@id\":\"https:\/\/swest.ee\/voodipesud\/muugitingimused\/#breadcrumb\",\"itemListElement\":[{\"@type\":\"ListItem\",\"position\":1,\"name\":\"Home\",\"item\":\"https:\/\/swest.ee\/voodipesud\/\"},{\"@type\":\"ListItem\",\"position\":2,\"name\":\"M\u00fc\u00fcgitingimused\"}]},{\"@type\":\"WebSite\",\"@id\":\"https:\/\/swest.ee\/voodipesud\/#website\",\"url\":\"https:\/\/swest.ee\/voodipesud\/\",\"name\":\"Voodipesu komplektid - Swest\",\"description\":\"Just another WordPress site\",\"potentialAction\":[{\"@type\":\"SearchAction\",\"target\":{\"@type\":\"EntryPoint\",\"urlTemplate\":\"https:\/\/swest.ee\/voodipesud\/?s={search_term_string}\"},\"query-input\":\"required name=search_term_string\"}],\"inLanguage\":\"et\"}]}<\/script>\n<!-- \/ Yoast SEO plugin. -->","yoast_head_json":{"title":"M\u00fc\u00fcgitingimused - Voodipesu komplektid - Swest","robots":{"index":"index","follow":"follow","max-snippet":"max-snippet:-1","max-image-preview":"max-image-preview:large","max-video-preview":"max-video-preview:-1"},"canonical":"https:\/\/swest.ee\/voodipesud\/muugitingimused\/","og_locale":"et_EE","og_type":"article","og_title":"M\u00fc\u00fcgitingimused - Voodipesu komplektid - Swest","og_description":"[vc_row pix_particles_check=&#8221;&#8221;][vc_column][vc_column_text] 1. \u00dcldtingimused 1.1. M\u00fc\u00fcgitingimused kehtivad Swest klientide (edaspidi Klient) ja Swest omaniku Swest O\u00dc (edaspidi Teenuseosutaja) vahel kaupade ostmisel tekkivate \u00f5igussuhete kohta. 1.2. M\u00fc\u00fcgitingimused ei saa vastuolus olla Eesti Vabariigis kehtivate \u00f5igusnormidega ning vajadusel on antud normidega t\u00e4iendatud....","og_url":"https:\/\/swest.ee\/voodipesud\/muugitingimused\/","og_site_name":"Voodipesu komplektid - Swest","article_modified_time":"2021-08-21T17:59:19+00:00","twitter_card":"summary_large_image","twitter_misc":{"Est. reading time":"7 minutit"},"schema":{"@context":"https:\/\/schema.org","@graph":[{"@type":"WebPage","@id":"https:\/\/swest.ee\/voodipesud\/muugitingimused\/","url":"https:\/\/swest.ee\/voodipesud\/muugitingimused\/","name":"M\u00fc\u00fcgitingimused - Voodipesu komplektid - Swest","isPartOf":{"@id":"https:\/\/swest.ee\/voodipesud\/#website"},"datePublished":"2021-08-20T17:36:24+00:00","dateModified":"2021-08-21T17:59:19+00:00","breadcrumb":{"@id":"https:\/\/swest.ee\/voodipesud\/muugitingimused\/#breadcrumb"},"inLanguage":"et","potentialAction":[{"@type":"ReadAction","target":["https:\/\/swest.ee\/voodipesud\/muugitingimused\/"]}]},{"@type":"BreadcrumbList","@id":"https:\/\/swest.ee\/voodipesud\/muugitingimused\/#breadcrumb","itemListElement":[{"@type":"ListItem","position":1,"name":"Home","item":"https:\/\/swest.ee\/voodipesud\/"},{"@type":"ListItem","position":2,"name":"M\u00fc\u00fcgitingimused"}]},{"@type":"WebSite","@id":"https:\/\/swest.ee\/voodipesud\/#website","url":"https:\/\/swest.ee\/voodipesud\/","name":"Voodipesu komplektid - Swest","description":"Just another WordPress site","potentialAction":[{"@type":"SearchAction","target":{"@type":"EntryPoint","urlTemplate":"https:\/\/swest.ee\/voodipesud\/?s={search_term_string}"},"query-input":"required name=search_term_string"}],"inLanguage":"et"}]}},"_links":{"self":[{"href":"https:\/\/swest.ee\/voodipesud\/wp-json\/wp\/v2\/pages\/13394"}],"collection":[{"href":"https:\/\/swest.ee\/voodipesud\/wp-json\/wp\/v2\/pages"}],"about":[{"href":"https:\/\/swest.ee\/voodipesud\/wp-json\/wp\/v2\/types\/page"}],"author":[{"embeddable":true,"href":"https:\/\/swest.ee\/voodipesud\/wp-json\/wp\/v2\/users\/1"}],"replies":[{"embeddable":true,"href":"https:\/\/swest.ee\/voodipesud\/wp-json\/wp\/v2\/comments?post=13394"}],"version-history":[{"count":5,"href":"https:\/\/swest.ee\/voodipesud\/wp-json\/wp\/v2\/pages\/13394\/revisions"}],"predecessor-version":[{"id":13515,"href":"https:\/\/swest.ee\/voodipesud\/wp-json\/wp\/v2\/pages\/13394\/revisions\/13515"}],"wp:attachment":[{"href":"https:\/\/swest.ee\/voodipesud\/wp-json\/wp\/v2\/media?parent=13394"}],"curies":[{"name":"wp","href":"https:\/\/api.w.org\/{rel}","templated":true}]}}