{"id":13396,"date":"2021-08-20T17:36:39","date_gmt":"2021-08-20T17:36:39","guid":{"rendered":"https:\/\/swest.ee\/voodipesud\/?page_id=13396"},"modified":"2021-08-21T19:56:42","modified_gmt":"2021-08-21T16:56:42","slug":"privaatsuspoliitika","status":"publish","type":"page","link":"https:\/\/swest.ee\/voodipesud\/privaatsuspoliitika\/","title":{"rendered":"Privaatsuspoliitika"},"content":{"rendered":"[vc_row pix_particles_check=&#8221;&#8221;][vc_column][vc_column_text]\r\n<p style=\"text-align: center;\"><strong>Veebilehtede ja teenuskeskkondade vastutav t\u00f6\u00f6taja on:<\/strong>\r\nSwest O\u00dc\r\nTartumaa, Kambja vald, \u00dclenurme alevik, Kasev\u00e4lja tee 3, 61714\r\n<em>Tel +372 56241659<\/em>\r\n<em>www.swest.ee<\/em><\/p>\r\n\r\n<h4><strong>Isikuandmete kaitse<\/strong><\/h4>\r\nIsikuandmed on andmed, mida kogutakse teenuse osutamiseks, isiku tuvastamiseks, isikuga \u00fchenduse v\u00f5tmiseks teenuse osutamiseks v\u00f5i k\u00fcsimuste lahendamiseks.\r\nMe ei t\u00f6\u00f6tle EUROOPA PARLAMENDI JA N\u00d5UKOGU M\u00c4\u00c4RUS (EL) 2016\/679 (inglise keeles General Data Protection Regulation ehk GDPR v\u00f5i EU Regulation 2016\/679) m\u00e4\u00e4ruses defineeritud delikaatseid isikuandmeid.\r\n\r\nKohustume kaitsma klientide ja kasutajate isikuandmeid ning nende privaatsust. Meie tegevus internetis on koosk\u00f5las k\u00f5igi asjakohaste tegevuste ja vastavate Euroopa Liidu \u00f5igusaktide ja Eesti Vabariigi seadustega, sh EUROOPA PARLAMENDI JA N\u00d5UKOGU M\u00c4\u00c4RUS (EL) 2016\/679. Rakendame k\u00f5iki ettevaatusabin\u00f5usid (sh administratiivsed, tehnilised ja f\u00fc\u00fcsilised meetmed) kogutud isikuandmete kaitsmiseks. Juurdep\u00e4\u00e4s andmete muutmiseks ja t\u00f6\u00f6tlemiseks on ainult selleks volitatud isikutel.\r\n<h4><strong>Turvalisus<\/strong><\/h4>\r\nK\u00f5iki veebilehtede k\u00fclastamise ja teenuskeskkondades sooritatud ostude k\u00e4igus teatavaks saanud isikuandmeid k\u00e4sitletakse kui konfidentsiaalset infot. Kr\u00fcpteeritud andmesidekanal pankadega tagab ostu sooritaja isikuandmete ja pangarekvisiitide turvalisuse.\u00a0J\u00e4rgnevalt privaatsuspoliitika p\u00f5him\u00f5tted, mis k\u00e4sitlevad isikuandmete kogumist, t\u00f6\u00f6tlemist, kasutamist, avaldamist, edastamist, muutmist, unustamist ja kustutamist.\r\nToodud p\u00f5him\u00f5tted ei kehti juriidiliste isikute ja teiste ettev\u00f5tete\/asutuste andmete t\u00f6\u00f6tlemisel, ega h\u00f5lma isikuandmete t\u00f6\u00f6tlemist veebilehtedel\/teenuskeskkondadel, millele meie veebilehtedel\/teenuskeskkondadel viidatakse (v\u00e4lislingid). Ettev\u00f5tet esindav isik (teenuse tellijana) ei ole f\u00fc\u00fcsiline isik, tegemist on juriidise isiku volitatud esindajaga, kelle isikuandmete t\u00f6\u00f6tlemist ei reguleeri EUROOPA PARLAMENDI JA N\u00d5UKOGU M\u00c4\u00c4RUS (EL) 2016\/679.\r\n\r\n&nbsp;\r\n<h4><strong>Milliseid andmeid kogutakse?<\/strong><\/h4>\r\n<ul>\r\n \t<li>Veebilehtede k\u00fclastamisel kogutakse k\u00fclastaja kohta isikustamata tehnilisi andmeid.<\/li>\r\n \t<li>Teenuskeskkondades kogutakse lisaks isikuandmeid teenuste osutamiseks ning isikute tuvastamiseks.<\/li>\r\n \t<li>Tehnilised andmed piirduvad kasutatava arvuti v\u00f5i arvutiv\u00f5rgu internetiaadressiga (IP-aadress), arvuti veebilehitseja ja operatsioonis\u00fcsteemi tarkvaraversiooniga, k\u00fclastamise ajaga (kellaaeg, kuup\u00e4ev, aasta). IP-aadresse ei seota isikut tuvastava teabega va teenuskeskkondade puhul, kus see on t\u00e4iendavaks turvameetmeks.<\/li>\r\n \t<li>Andmeid kogutakse veebilehtede k\u00fclastatuste ja viibimiste kohta, et selle p\u00f5hjal veebilehtesid ja teenuskeskkondasid parendada ja k\u00fclastajatele mugavamaks muuta.<\/li>\r\n \t<li>Teenuskeskkondades (sh epoes) kogutakse isikuandmeid lepingute t\u00e4itmiseks ja andmeid isikuid huvitavate teemade osas (sh ostukorvi sisu, eelistuste, hoiakute, k\u00e4itumiste, jms kohta), et v\u00f5imalusel parendada ootusp\u00e4rase info edastamist ning seel\u00e4bi parendada kliendikogemust teenuste tarbimisel ja otseturunduse teostamisel.\r\nF\u00fc\u00fcsiliste isikute osas on kogutavateks andmeteks vajadusel unikaalsuse tuvastamiseks isikukood, kommunikatsiooniks nimi, e-posti aadress, mobiiltelefon, asukoha linn ja riik.\r\nJuriidiliste isikute andmete t\u00f6\u00f6tlemiseks kogume registrinumbrit, VAT numbrit, nime, riiki, aadressi, e-postiaadresse kontakteerumiseks ja arve saatmiseks, ettev\u00f5tet esindavate kontaktisikute nimesid ja nende e-posti aadresse ning kontakttelefone.<\/li>\r\n \t<li>Teenuste eest tasumisel krediitkaardi v\u00f5i pangalingi teenuse kaudu omab ligip\u00e4\u00e4su pangakaartide infole ja panga rekvisiitidele \u00fcksnes Maksekeskus AS, kes v\u00e4ljastab vaid info makse \u00f5nnestumise kohta ja kaardi 4 viimast numbrit.<\/li>\r\n<\/ul>\r\nN\u00f5usolek\u00a0seotud- ja teenuse jaoks vajalike isikuandmete kogumisele antakse teenuse tellimisel tellija isiku poolt teenuse tellimise hetkel. Teenuse tellimisega loetakse n\u00f5usolek antuks vastava ajatempliga.\r\n\r\n&nbsp;\r\n<h4><strong>Kui kaua kogutud andmeid s\u00e4ilitatakse?<\/strong><\/h4>\r\n<ul>\r\n \t<li>Isikustamata tehnilisi veebilehtede ja teenuskeskkondade kogutud andmeid s\u00e4ilitatakse t\u00e4htajatult.<\/li>\r\n \t<li>Isikustatud p\u00e4ringute ja\/v\u00f5i tehingutega seotud isikuandmeid s\u00e4ilitatakse kuni 7 aastat viimasest interaktsioonist teenusepakkujaga tulenevalt raamatupidamisseaduses olevast kohustusest tehinguid t\u00f5endada. Interaktsiooniks loetakse mh otseturundusele reageerimist vaatamise v\u00f5i lingile klikkimise kaudu.<\/li>\r\n<\/ul>\r\n&nbsp;\r\n<h4><strong>Kellele v\u00f5ib kogutud andmeid edastada?<\/strong><\/h4>\r\n<ul>\r\n \t<li>Kogutud ja \u00a0t\u00f6\u00f6deldavaid isikuandmeid v\u00f5ib isiku n\u00f5usolekuta edastada \u00fcksnes asutusele v\u00f5i isikule, kellel on selleks otsene seadusest tulenev \u00f5igus (n\u00e4iteks kohus v\u00f5i kohtueelne menetleja) ja p\u00f5hjendatud vajadus.<\/li>\r\n \t<li>Teenuse raames klientide poolt sisestatud isikuandmeid k\u00e4sitletakse konfidentsiaalsetena ja \u00f5igus neid andmeid t\u00f6\u00f6delda, v\u00e4ljaanda v\u00f5i edastada kuulub \u00fcksnes andmete omaniku (kliendi) vastutusalasse.<\/li>\r\n<\/ul>\r\n&nbsp;\r\n<h4><strong>Millised \u00f5igused on isikul kogutud andmetele?<\/strong><\/h4>\r\n<strong>\u00d5igus oma andmetega tutvuda, parandada, l\u00f5petada t\u00f6\u00f6tlemine<\/strong>\r\n<ul>\r\n \t<li>Vaikimisi isikuandmeid ei avaldata, va juhul, kui selleks on saadud vastav kinnitus (koolitustel \/ seminaridel \/ konverentsidel osalemine).<\/li>\r\n \t<li>K\u00f5igil isikutel on \u00f5igus tutvuda enda isikuandmetega teenuskeskkondades.<\/li>\r\n \t<li>Kui parandamine on v\u00f5imalik, s\u00f5ltuvalt teenusest ja teenuskeskkonnast, saab seda teha koheselt.<\/li>\r\n \t<li>Kui isikuandmed ei ole muudetavad, k\u00e4ttesaadavad, avalikustatud veebilehel v\u00f5i teenuskeskkondades, tuleks meile esitada isikut tuvastada v\u00f5imaldaval moel taotlus andmete saamiseks v\u00f5i parandamiseks. V\u00f5imalusel v\u00e4ljastatakse v\u00f5i parandatakse andmed 7 t\u00f6\u00f6p\u00e4eva jooksul.<\/li>\r\n \t<li>Kui soovitakse\u00a0loobuda otseturunduslikest pakkumistest k\u00f5ikide v\u00f5i m\u00f5ne teema osas, saab seda teha koheselt iga saadetud turundusliku kirja jaluses asuva lingi kaudu. Muudatus j\u00f5ustub koheselt.<\/li>\r\n \t<li>Kui\u00a0isikuandmete t\u00f6\u00f6tlemiseks, avalikustamiseks v\u00f5i andmetele juurdep\u00e4\u00e4su v\u00f5imaldamiseks ei ole (enam) seaduslikku alust, saab\u00a0n\u00f5uda andmete kasutamise l\u00f5petamist v\u00f5i kustutamist, andmete avalikustamise v\u00f5i andmetele juurdep\u00e4\u00e4su v\u00f5imaldamise l\u00f5petamist. Selleks tuleks\u00a0esitada isikut tuvastada v\u00f5imaldaval moel taotlus.<\/li>\r\n \t<li>Taotlust ei rahuldata, kui:\r\n\u2013 see v\u00f5ib kahjustada teise isiku \u00f5igusi ja vabadusi,\r\n\u2013 see v\u00f5ib takistada teenuse osutamist v\u00f5i teenuse mitteosutamist,\r\n\u2013 see v\u00f5ib takistada \u00f5iguskaitse organite t\u00f6\u00f6d,\r\n\u2013 see ei ole tehniliselt vajalik ega\/v\u00f5i v\u00f5imalik.\r\n\u2013 taotleja isik ei ole andmetega \u00f5iguslikult seotud.\r\n\u2013 taotleja isikut ei ole v\u00f5imalk identifitseerida.<\/li>\r\n \t<li>N\u00e4iteks:\r\n\u2013 Ei saa kustutada e-posti aadressi, kui sellele ei soovita enam saada otseturunduslikke pakkumisi. Selleks et n\u00f5uet t\u00e4ita, peab olema alles e-posti aadress, millega v\u00f5rrelda \u2013 et ei saadetaks kirja.<\/li>\r\n<\/ul>\r\n<strong>Privaatsuspoliitika tingimused ja muudatused<\/strong>\r\n\r\nVeebilehti ja\/v\u00f5i teenuskeskkondasid kasutades olete k\u00e4esolevate p\u00f5him\u00f5tete ja tingimustega tutvunud ning nendega n\u00f5ustunud. J\u00e4tame endale \u00f5iguse vajadusel privaatsuspoliitika \u00fcldtingimusi muuta, teavitades sellest k\u00f5iki seotud isikuid.[\/vc_column_text][\/vc_column][\/vc_row]","protected":false},"excerpt":{"rendered":"[vc_row pix_particles_check=&#8221;&#8221;][vc_column][vc_column_text] Veebilehtede ja teenuskeskkondade vastutav t\u00f6\u00f6taja on: Swest O\u00dc Tartumaa, Kambja vald, \u00dclenurme alevik, Kasev\u00e4lja tee 3, 61714 Tel +372 56241659 www.swest.ee Isikuandmete kaitse Isikuandmed on andmed, mida kogutakse teenuse osutamiseks, isiku tuvastamiseks, isikuga \u00fchenduse v\u00f5tmiseks teenuse osutamiseks v\u00f5i&#8230;","protected":false},"author":1,"featured_media":0,"parent":0,"menu_order":0,"comment_status":"closed","ping_status":"closed","template":"","meta":[],"yoast_head":"<!-- This site is optimized with the Yoast SEO plugin v19.14 - https:\/\/yoast.com\/wordpress\/plugins\/seo\/ -->\n<title>Privaatsuspoliitika - Voodipesu komplektid - Swest<\/title>\n<meta name=\"robots\" content=\"index, follow, max-snippet:-1, max-image-preview:large, max-video-preview:-1\" \/>\n<link rel=\"canonical\" href=\"https:\/\/swest.ee\/voodipesud\/privaatsuspoliitika\/\" \/>\n<meta property=\"og:locale\" content=\"et_EE\" \/>\n<meta property=\"og:type\" content=\"article\" \/>\n<meta property=\"og:title\" content=\"Privaatsuspoliitika - Voodipesu komplektid - Swest\" \/>\n<meta property=\"og:description\" content=\"[vc_row pix_particles_check=&#8221;&#8221;][vc_column][vc_column_text] Veebilehtede ja teenuskeskkondade vastutav t\u00f6\u00f6taja on: Swest O\u00dc Tartumaa, Kambja vald, \u00dclenurme alevik, Kasev\u00e4lja tee 3, 61714 Tel +372 56241659 www.swest.ee Isikuandmete kaitse Isikuandmed on andmed, mida kogutakse teenuse osutamiseks, isiku tuvastamiseks, isikuga \u00fchenduse v\u00f5tmiseks teenuse osutamiseks v\u00f5i...\" \/>\n<meta property=\"og:url\" content=\"https:\/\/swest.ee\/voodipesud\/privaatsuspoliitika\/\" \/>\n<meta property=\"og:site_name\" content=\"Voodipesu komplektid - Swest\" \/>\n<meta property=\"article:modified_time\" content=\"2021-08-21T16:56:42+00:00\" \/>\n<meta name=\"twitter:card\" content=\"summary_large_image\" \/>\n<meta name=\"twitter:label1\" content=\"Est. reading time\" \/>\n\t<meta name=\"twitter:data1\" content=\"5 minutit\" \/>\n<script type=\"application\/ld+json\" class=\"yoast-schema-graph\">{\"@context\":\"https:\/\/schema.org\",\"@graph\":[{\"@type\":\"WebPage\",\"@id\":\"https:\/\/swest.ee\/voodipesud\/privaatsuspoliitika\/\",\"url\":\"https:\/\/swest.ee\/voodipesud\/privaatsuspoliitika\/\",\"name\":\"Privaatsuspoliitika - Voodipesu komplektid - Swest\",\"isPartOf\":{\"@id\":\"https:\/\/swest.ee\/voodipesud\/#website\"},\"datePublished\":\"2021-08-20T17:36:39+00:00\",\"dateModified\":\"2021-08-21T16:56:42+00:00\",\"breadcrumb\":{\"@id\":\"https:\/\/swest.ee\/voodipesud\/privaatsuspoliitika\/#breadcrumb\"},\"inLanguage\":\"et\",\"potentialAction\":[{\"@type\":\"ReadAction\",\"target\":[\"https:\/\/swest.ee\/voodipesud\/privaatsuspoliitika\/\"]}]},{\"@type\":\"BreadcrumbList\",\"@id\":\"https:\/\/swest.ee\/voodipesud\/privaatsuspoliitika\/#breadcrumb\",\"itemListElement\":[{\"@type\":\"ListItem\",\"position\":1,\"name\":\"Home\",\"item\":\"https:\/\/swest.ee\/voodipesud\/\"},{\"@type\":\"ListItem\",\"position\":2,\"name\":\"Privaatsuspoliitika\"}]},{\"@type\":\"WebSite\",\"@id\":\"https:\/\/swest.ee\/voodipesud\/#website\",\"url\":\"https:\/\/swest.ee\/voodipesud\/\",\"name\":\"Voodipesu komplektid - Swest\",\"description\":\"Just another WordPress site\",\"potentialAction\":[{\"@type\":\"SearchAction\",\"target\":{\"@type\":\"EntryPoint\",\"urlTemplate\":\"https:\/\/swest.ee\/voodipesud\/?s={search_term_string}\"},\"query-input\":\"required name=search_term_string\"}],\"inLanguage\":\"et\"}]}<\/script>\n<!-- \/ Yoast SEO plugin. -->","yoast_head_json":{"title":"Privaatsuspoliitika - Voodipesu komplektid - Swest","robots":{"index":"index","follow":"follow","max-snippet":"max-snippet:-1","max-image-preview":"max-image-preview:large","max-video-preview":"max-video-preview:-1"},"canonical":"https:\/\/swest.ee\/voodipesud\/privaatsuspoliitika\/","og_locale":"et_EE","og_type":"article","og_title":"Privaatsuspoliitika - Voodipesu komplektid - Swest","og_description":"[vc_row pix_particles_check=&#8221;&#8221;][vc_column][vc_column_text] Veebilehtede ja teenuskeskkondade vastutav t\u00f6\u00f6taja on: Swest O\u00dc Tartumaa, Kambja vald, \u00dclenurme alevik, Kasev\u00e4lja tee 3, 61714 Tel +372 56241659 www.swest.ee Isikuandmete kaitse Isikuandmed on andmed, mida kogutakse teenuse osutamiseks, isiku tuvastamiseks, isikuga \u00fchenduse v\u00f5tmiseks teenuse osutamiseks v\u00f5i...","og_url":"https:\/\/swest.ee\/voodipesud\/privaatsuspoliitika\/","og_site_name":"Voodipesu komplektid - Swest","article_modified_time":"2021-08-21T16:56:42+00:00","twitter_card":"summary_large_image","twitter_misc":{"Est. reading time":"5 minutit"},"schema":{"@context":"https:\/\/schema.org","@graph":[{"@type":"WebPage","@id":"https:\/\/swest.ee\/voodipesud\/privaatsuspoliitika\/","url":"https:\/\/swest.ee\/voodipesud\/privaatsuspoliitika\/","name":"Privaatsuspoliitika - Voodipesu komplektid - Swest","isPartOf":{"@id":"https:\/\/swest.ee\/voodipesud\/#website"},"datePublished":"2021-08-20T17:36:39+00:00","dateModified":"2021-08-21T16:56:42+00:00","breadcrumb":{"@id":"https:\/\/swest.ee\/voodipesud\/privaatsuspoliitika\/#breadcrumb"},"inLanguage":"et","potentialAction":[{"@type":"ReadAction","target":["https:\/\/swest.ee\/voodipesud\/privaatsuspoliitika\/"]}]},{"@type":"BreadcrumbList","@id":"https:\/\/swest.ee\/voodipesud\/privaatsuspoliitika\/#breadcrumb","itemListElement":[{"@type":"ListItem","position":1,"name":"Home","item":"https:\/\/swest.ee\/voodipesud\/"},{"@type":"ListItem","position":2,"name":"Privaatsuspoliitika"}]},{"@type":"WebSite","@id":"https:\/\/swest.ee\/voodipesud\/#website","url":"https:\/\/swest.ee\/voodipesud\/","name":"Voodipesu komplektid - Swest","description":"Just another WordPress site","potentialAction":[{"@type":"SearchAction","target":{"@type":"EntryPoint","urlTemplate":"https:\/\/swest.ee\/voodipesud\/?s={search_term_string}"},"query-input":"required name=search_term_string"}],"inLanguage":"et"}]}},"_links":{"self":[{"href":"https:\/\/swest.ee\/voodipesud\/wp-json\/wp\/v2\/pages\/13396"}],"collection":[{"href":"https:\/\/swest.ee\/voodipesud\/wp-json\/wp\/v2\/pages"}],"about":[{"href":"https:\/\/swest.ee\/voodipesud\/wp-json\/wp\/v2\/types\/page"}],"author":[{"embeddable":true,"href":"https:\/\/swest.ee\/voodipesud\/wp-json\/wp\/v2\/users\/1"}],"replies":[{"embeddable":true,"href":"https:\/\/swest.ee\/voodipesud\/wp-json\/wp\/v2\/comments?post=13396"}],"version-history":[{"count":3,"href":"https:\/\/swest.ee\/voodipesud\/wp-json\/wp\/v2\/pages\/13396\/revisions"}],"predecessor-version":[{"id":13511,"href":"https:\/\/swest.ee\/voodipesud\/wp-json\/wp\/v2\/pages\/13396\/revisions\/13511"}],"wp:attachment":[{"href":"https:\/\/swest.ee\/voodipesud\/wp-json\/wp\/v2\/media?parent=13396"}],"curies":[{"name":"wp","href":"https:\/\/api.w.org\/{rel}","templated":true}]}}