{"id":13404,"date":"2021-08-21T09:13:07","date_gmt":"2021-08-21T09:13:07","guid":{"rendered":"https:\/\/swest.ee\/voodipesud\/?page_id=13404"},"modified":"2021-08-21T13:38:25","modified_gmt":"2021-08-21T13:38:25","slug":"kkk","status":"publish","type":"page","link":"https:\/\/swest.ee\/voodipesud\/kkk\/","title":{"rendered":"KKK"},"content":{"rendered":"[vc_row pix_particles_check=&#8221;&#8221;][vc_column]<div id=\"duo-icon-69567420\" class=\"slide-in-container w-100  \" ><div class=\"py-2 \"  ><div class=\"pix-feature-list text-sm  font-weight-bold     py-2 d-flex align-items-center\" ><i class=\"pixicon-arrow-right2 mr-2 text-black\" ><\/i><span class=\"text-black\">K\u00f5ik kangad, mida kasutan voodipesude \u00f5mblemiseks on 100% puuvillased ning looduslikud ja omavad \u00f6ko-tex 100 sertifikaati<\/span><\/div><div class=\"pix-feature-list text-sm  font-weight-bold     py-2 d-flex align-items-center\" ><i class=\"pixicon-arrow-right2 mr-2 text-black\" ><\/i><span class=\"text-black\">Enne \u00f5mblemist pesen k\u00f5ik kangad eelnevalt l\u00e4bi, et v\u00e4ltida hilisemat kokkut\u00f5mbamist<\/span><\/div><div class=\"pix-feature-list text-sm  font-weight-bold     py-2 d-flex align-items-center\" ><i class=\"pixicon-arrow-right2 mr-2 text-black\" ><\/i><span class=\"text-black\">Padjap\u00fc\u00fcrid \u00f5mblen t\u00e4pselt m\u00f5\u00f5tude j\u00e4rgi, tekikottidele armastan j\u00e4tta igaks juhuks paar cm lisavaru<\/span><\/div><div class=\"pix-feature-list text-sm  font-weight-bold     py-2 d-flex align-items-center\" ><i class=\"pixicon-arrow-right2 mr-2 text-black\" ><\/i><span class=\"text-black\">Suuremate kummiga linade puhul v\u00f5ib olla vajalik lisa\u00f5mbluse tegemine, selle teen sellisel juhul k\u00fclgede peale mitte magamise osale<\/span><\/div><div class=\"pix-feature-list text-sm  font-weight-bold     py-2 d-flex align-items-center\" ><i class=\"pixicon-arrow-right2 mr-2 text-black\" ><\/i><span class=\"text-black\">Kummiga linade puhul kasutan kummi ainult nurkades. See h\u00f5lbustab lina mugavamat hoiustamist, kuivama panemist, triikimist ning ka madratsile peale panemist ning seejuures p\u00fcsib ikka imeliselt voodis<\/span><\/div><div class=\"pix-feature-list text-sm  font-weight-bold     py-2 d-flex align-items-center\" ><i class=\"pixicon-arrow-right2 mr-2 text-black\" ><\/i><span class=\"text-black\">Soovitan voodipesusid pesta pahupidi, kindlasti on see ERITI vajalik tumedate kangaste puhul, muidu kaotavad kangad kiiresti oma ilusa v\u00e4rvi.<\/span><\/div><\/div><\/div>[\/vc_column][\/vc_row]","protected":false},"excerpt":{"rendered":"[vc_row pix_particles_check=&#8221;&#8221;][vc_column][\/vc_column][\/vc_row]","protected":false},"author":1,"featured_media":0,"parent":0,"menu_order":0,"comment_status":"closed","ping_status":"closed","template":"","meta":[],"yoast_head":"<!-- This site is optimized with the Yoast SEO plugin v19.14 - https:\/\/yoast.com\/wordpress\/plugins\/seo\/ -->\n<title>KKK - Voodipesu komplektid - Swest<\/title>\n<meta name=\"robots\" content=\"index, follow, max-snippet:-1, max-image-preview:large, max-video-preview:-1\" \/>\n<link rel=\"canonical\" href=\"https:\/\/swest.ee\/voodipesud\/kkk\/\" \/>\n<meta property=\"og:locale\" content=\"et_EE\" \/>\n<meta property=\"og:type\" content=\"article\" \/>\n<meta property=\"og:title\" content=\"KKK - Voodipesu komplektid - Swest\" \/>\n<meta property=\"og:description\" content=\"[vc_row pix_particles_check=&#8221;&#8221;][vc_column][\/vc_column][\/vc_row]\" \/>\n<meta property=\"og:url\" content=\"https:\/\/swest.ee\/voodipesud\/kkk\/\" \/>\n<meta property=\"og:site_name\" content=\"Voodipesu komplektid - Swest\" \/>\n<meta property=\"article:modified_time\" content=\"2021-08-21T13:38:25+00:00\" \/>\n<meta name=\"twitter:card\" content=\"summary_large_image\" \/>\n<meta name=\"twitter:label1\" content=\"Est. reading time\" \/>\n\t<meta name=\"twitter:data1\" content=\"2 minutit\" \/>\n<script type=\"application\/ld+json\" class=\"yoast-schema-graph\">{\"@context\":\"https:\/\/schema.org\",\"@graph\":[{\"@type\":\"WebPage\",\"@id\":\"https:\/\/swest.ee\/voodipesud\/kkk\/\",\"url\":\"https:\/\/swest.ee\/voodipesud\/kkk\/\",\"name\":\"KKK - Voodipesu komplektid - Swest\",\"isPartOf\":{\"@id\":\"https:\/\/swest.ee\/voodipesud\/#website\"},\"datePublished\":\"2021-08-21T09:13:07+00:00\",\"dateModified\":\"2021-08-21T13:38:25+00:00\",\"breadcrumb\":{\"@id\":\"https:\/\/swest.ee\/voodipesud\/kkk\/#breadcrumb\"},\"inLanguage\":\"et\",\"potentialAction\":[{\"@type\":\"ReadAction\",\"target\":[\"https:\/\/swest.ee\/voodipesud\/kkk\/\"]}]},{\"@type\":\"BreadcrumbList\",\"@id\":\"https:\/\/swest.ee\/voodipesud\/kkk\/#breadcrumb\",\"itemListElement\":[{\"@type\":\"ListItem\",\"position\":1,\"name\":\"Home\",\"item\":\"https:\/\/swest.ee\/voodipesud\/\"},{\"@type\":\"ListItem\",\"position\":2,\"name\":\"KKK\"}]},{\"@type\":\"WebSite\",\"@id\":\"https:\/\/swest.ee\/voodipesud\/#website\",\"url\":\"https:\/\/swest.ee\/voodipesud\/\",\"name\":\"Voodipesu komplektid - Swest\",\"description\":\"Just another WordPress site\",\"potentialAction\":[{\"@type\":\"SearchAction\",\"target\":{\"@type\":\"EntryPoint\",\"urlTemplate\":\"https:\/\/swest.ee\/voodipesud\/?s={search_term_string}\"},\"query-input\":\"required name=search_term_string\"}],\"inLanguage\":\"et\"}]}<\/script>\n<!-- \/ Yoast SEO plugin. -->","yoast_head_json":{"title":"KKK - Voodipesu komplektid - Swest","robots":{"index":"index","follow":"follow","max-snippet":"max-snippet:-1","max-image-preview":"max-image-preview:large","max-video-preview":"max-video-preview:-1"},"canonical":"https:\/\/swest.ee\/voodipesud\/kkk\/","og_locale":"et_EE","og_type":"article","og_title":"KKK - Voodipesu komplektid - Swest","og_description":"[vc_row pix_particles_check=&#8221;&#8221;][vc_column][\/vc_column][\/vc_row]","og_url":"https:\/\/swest.ee\/voodipesud\/kkk\/","og_site_name":"Voodipesu komplektid - Swest","article_modified_time":"2021-08-21T13:38:25+00:00","twitter_card":"summary_large_image","twitter_misc":{"Est. reading time":"2 minutit"},"schema":{"@context":"https:\/\/schema.org","@graph":[{"@type":"WebPage","@id":"https:\/\/swest.ee\/voodipesud\/kkk\/","url":"https:\/\/swest.ee\/voodipesud\/kkk\/","name":"KKK - Voodipesu komplektid - Swest","isPartOf":{"@id":"https:\/\/swest.ee\/voodipesud\/#website"},"datePublished":"2021-08-21T09:13:07+00:00","dateModified":"2021-08-21T13:38:25+00:00","breadcrumb":{"@id":"https:\/\/swest.ee\/voodipesud\/kkk\/#breadcrumb"},"inLanguage":"et","potentialAction":[{"@type":"ReadAction","target":["https:\/\/swest.ee\/voodipesud\/kkk\/"]}]},{"@type":"BreadcrumbList","@id":"https:\/\/swest.ee\/voodipesud\/kkk\/#breadcrumb","itemListElement":[{"@type":"ListItem","position":1,"name":"Home","item":"https:\/\/swest.ee\/voodipesud\/"},{"@type":"ListItem","position":2,"name":"KKK"}]},{"@type":"WebSite","@id":"https:\/\/swest.ee\/voodipesud\/#website","url":"https:\/\/swest.ee\/voodipesud\/","name":"Voodipesu komplektid - Swest","description":"Just another WordPress site","potentialAction":[{"@type":"SearchAction","target":{"@type":"EntryPoint","urlTemplate":"https:\/\/swest.ee\/voodipesud\/?s={search_term_string}"},"query-input":"required name=search_term_string"}],"inLanguage":"et"}]}},"_links":{"self":[{"href":"https:\/\/swest.ee\/voodipesud\/wp-json\/wp\/v2\/pages\/13404"}],"collection":[{"href":"https:\/\/swest.ee\/voodipesud\/wp-json\/wp\/v2\/pages"}],"about":[{"href":"https:\/\/swest.ee\/voodipesud\/wp-json\/wp\/v2\/types\/page"}],"author":[{"embeddable":true,"href":"https:\/\/swest.ee\/voodipesud\/wp-json\/wp\/v2\/users\/1"}],"replies":[{"embeddable":true,"href":"https:\/\/swest.ee\/voodipesud\/wp-json\/wp\/v2\/comments?post=13404"}],"version-history":[{"count":7,"href":"https:\/\/swest.ee\/voodipesud\/wp-json\/wp\/v2\/pages\/13404\/revisions"}],"predecessor-version":[{"id":13475,"href":"https:\/\/swest.ee\/voodipesud\/wp-json\/wp\/v2\/pages\/13404\/revisions\/13475"}],"wp:attachment":[{"href":"https:\/\/swest.ee\/voodipesud\/wp-json\/wp\/v2\/media?parent=13404"}],"curies":[{"name":"wp","href":"https:\/\/api.w.org\/{rel}","templated":true}]}}