{"id":14298,"date":"2024-11-30T12:48:11","date_gmt":"2024-11-30T09:48:11","guid":{"rendered":"https:\/\/swest.ee\/voodipesud\/?post_type=product&#038;p=14298"},"modified":"2025-09-29T20:28:44","modified_gmt":"2025-09-29T17:28:44","slug":"mustad-lehed-100-puuvill-exclusive-lux","status":"publish","type":"product","link":"https:\/\/swest.ee\/voodipesud\/toode\/mustad-lehed-100-puuvill-exclusive-lux\/","title":{"rendered":"Mustad lehed, 100% puuvill exclusive lux"},"content":{"rendered":"","protected":false},"excerpt":{"rendered":"<p style=\"text-align: center;\">100% puuvillane kangas. Tootja nimetab seda kangast \u201cexclusive lux ranforce\u201d. Tegemist on v\u00e4ga kvaliteetse ja m\u00f5nusa kangaga.<\/p>\n<p style=\"text-align: center;\">Praegu kasutusel tootjapoolne pilt, lisan \u00f5ige pildi kohe kui olen saanud valmis n\u00e4idiskomplekti.<\/p>\n<p style=\"text-align: center;\">Voodipesud valmivad k\u00e4sit\u00f6\u00f6na vastavalt esitatud m\u00f5\u00f5tudele ja kangavalikule eritellimusena.<br \/>\nHetkel on natukene pikem tarneaeg, valmib 6-10 t\u00f6\u00f6p\u00e4eva jooksul.<br \/>\nVoodipesusid pesta pahupidi, et s\u00e4ilitada ilusaid v\u00e4rvitoone!<br \/>\nEi leidnud sobivat suurust? J\u00e4ta mulle kiri erisoovide alla.<\/p>\n","protected":false},"featured_media":14510,"comment_status":"closed","ping_status":"closed","template":"","meta":[],"product_cat":[70,67],"product_tag":[],"yoast_head":"<!-- This site is optimized with the Yoast SEO plugin v19.14 - https:\/\/yoast.com\/wordpress\/plugins\/seo\/ -->\n<title>Mustad lehed, 100% puuvill exclusive lux - Voodipesu komplektid - Swest<\/title>\n<meta name=\"robots\" content=\"index, follow, max-snippet:-1, max-image-preview:large, max-video-preview:-1\" \/>\n<link rel=\"canonical\" href=\"https:\/\/swest.ee\/voodipesud\/toode\/mustad-lehed-100-puuvill-exclusive-lux\/\" \/>\n<meta property=\"og:locale\" content=\"et_EE\" \/>\n<meta property=\"og:type\" content=\"article\" \/>\n<meta property=\"og:title\" content=\"Mustad lehed, 100% puuvill exclusive lux - Voodipesu komplektid - Swest\" \/>\n<meta property=\"og:description\" content=\"100% puuvillane kangas. Tootja nimetab seda kangast \u201cexclusive lux ranforce\u201d. Tegemist on v\u00e4ga kvaliteetse ja m\u00f5nusa kangaga. Praegu kasutusel tootjapoolne pilt, lisan \u00f5ige pildi kohe kui olen saanud valmis n\u00e4idiskomplekti. Voodipesud valmivad k\u00e4sit\u00f6\u00f6na vastavalt esitatud m\u00f5\u00f5tudele ja kangavalikule eritellimusena. Hetkel on natukene pikem tarneaeg, valmib 6-10 t\u00f6\u00f6p\u00e4eva jooksul. Voodipesusid pesta pahupidi, et s\u00e4ilitada ilusaid v\u00e4rvitoone! Ei leidnud sobivat suurust? J\u00e4ta mulle kiri erisoovide alla.\" \/>\n<meta property=\"og:url\" content=\"https:\/\/swest.ee\/voodipesud\/toode\/mustad-lehed-100-puuvill-exclusive-lux\/\" \/>\n<meta property=\"og:site_name\" content=\"Voodipesu komplektid - Swest\" \/>\n<meta property=\"article:modified_time\" content=\"2025-09-29T17:28:44+00:00\" \/>\n<meta property=\"og:image\" content=\"https:\/\/swest.ee\/voodipesud\/wp-content\/uploads\/2024\/11\/20241215_130942-768x1024.jpg\" \/>\n\t<meta property=\"og:image:width\" content=\"768\" \/>\n\t<meta property=\"og:image:height\" content=\"1024\" \/>\n\t<meta property=\"og:image:type\" content=\"image\/jpeg\" \/>\n<meta name=\"twitter:card\" content=\"summary_large_image\" \/>\n<script type=\"application\/ld+json\" class=\"yoast-schema-graph\">{\"@context\":\"https:\/\/schema.org\",\"@graph\":[{\"@type\":\"WebPage\",\"@id\":\"https:\/\/swest.ee\/voodipesud\/toode\/mustad-lehed-100-puuvill-exclusive-lux\/\",\"url\":\"https:\/\/swest.ee\/voodipesud\/toode\/mustad-lehed-100-puuvill-exclusive-lux\/\",\"name\":\"Mustad lehed, 100% puuvill exclusive lux - Voodipesu komplektid - Swest\",\"isPartOf\":{\"@id\":\"https:\/\/swest.ee\/voodipesud\/#website\"},\"datePublished\":\"2024-11-30T09:48:11+00:00\",\"dateModified\":\"2025-09-29T17:28:44+00:00\",\"breadcrumb\":{\"@id\":\"https:\/\/swest.ee\/voodipesud\/toode\/mustad-lehed-100-puuvill-exclusive-lux\/#breadcrumb\"},\"inLanguage\":\"et\",\"potentialAction\":[{\"@type\":\"ReadAction\",\"target\":[\"https:\/\/swest.ee\/voodipesud\/toode\/mustad-lehed-100-puuvill-exclusive-lux\/\"]}]},{\"@type\":\"BreadcrumbList\",\"@id\":\"https:\/\/swest.ee\/voodipesud\/toode\/mustad-lehed-100-puuvill-exclusive-lux\/#breadcrumb\",\"itemListElement\":[{\"@type\":\"ListItem\",\"position\":1,\"name\":\"Home\",\"item\":\"https:\/\/swest.ee\/voodipesud\/\"},{\"@type\":\"ListItem\",\"position\":2,\"name\":\"Pood\",\"item\":\"https:\/\/swest.ee\/voodipesud\/pood\/\"},{\"@type\":\"ListItem\",\"position\":3,\"name\":\"Mustad lehed, 100% puuvill exclusive lux\"}]},{\"@type\":\"WebSite\",\"@id\":\"https:\/\/swest.ee\/voodipesud\/#website\",\"url\":\"https:\/\/swest.ee\/voodipesud\/\",\"name\":\"Voodipesu komplektid - Swest\",\"description\":\"Just another WordPress site\",\"potentialAction\":[{\"@type\":\"SearchAction\",\"target\":{\"@type\":\"EntryPoint\",\"urlTemplate\":\"https:\/\/swest.ee\/voodipesud\/?s={search_term_string}\"},\"query-input\":\"required name=search_term_string\"}],\"inLanguage\":\"et\"}]}<\/script>\n<!-- \/ Yoast SEO plugin. -->","yoast_head_json":{"title":"Mustad lehed, 100% puuvill exclusive lux - Voodipesu komplektid - Swest","robots":{"index":"index","follow":"follow","max-snippet":"max-snippet:-1","max-image-preview":"max-image-preview:large","max-video-preview":"max-video-preview:-1"},"canonical":"https:\/\/swest.ee\/voodipesud\/toode\/mustad-lehed-100-puuvill-exclusive-lux\/","og_locale":"et_EE","og_type":"article","og_title":"Mustad lehed, 100% puuvill exclusive lux - Voodipesu komplektid - Swest","og_description":"100% puuvillane kangas. Tootja nimetab seda kangast \u201cexclusive lux ranforce\u201d. Tegemist on v\u00e4ga kvaliteetse ja m\u00f5nusa kangaga. Praegu kasutusel tootjapoolne pilt, lisan \u00f5ige pildi kohe kui olen saanud valmis n\u00e4idiskomplekti. Voodipesud valmivad k\u00e4sit\u00f6\u00f6na vastavalt esitatud m\u00f5\u00f5tudele ja kangavalikule eritellimusena. Hetkel on natukene pikem tarneaeg, valmib 6-10 t\u00f6\u00f6p\u00e4eva jooksul. Voodipesusid pesta pahupidi, et s\u00e4ilitada ilusaid v\u00e4rvitoone! Ei leidnud sobivat suurust? J\u00e4ta mulle kiri erisoovide alla.","og_url":"https:\/\/swest.ee\/voodipesud\/toode\/mustad-lehed-100-puuvill-exclusive-lux\/","og_site_name":"Voodipesu komplektid - Swest","article_modified_time":"2025-09-29T17:28:44+00:00","og_image":[{"width":768,"height":1024,"url":"https:\/\/swest.ee\/voodipesud\/wp-content\/uploads\/2024\/11\/20241215_130942-768x1024.jpg","type":"image\/jpeg"}],"twitter_card":"summary_large_image","schema":{"@context":"https:\/\/schema.org","@graph":[{"@type":"WebPage","@id":"https:\/\/swest.ee\/voodipesud\/toode\/mustad-lehed-100-puuvill-exclusive-lux\/","url":"https:\/\/swest.ee\/voodipesud\/toode\/mustad-lehed-100-puuvill-exclusive-lux\/","name":"Mustad lehed, 100% puuvill exclusive lux - Voodipesu komplektid - Swest","isPartOf":{"@id":"https:\/\/swest.ee\/voodipesud\/#website"},"datePublished":"2024-11-30T09:48:11+00:00","dateModified":"2025-09-29T17:28:44+00:00","breadcrumb":{"@id":"https:\/\/swest.ee\/voodipesud\/toode\/mustad-lehed-100-puuvill-exclusive-lux\/#breadcrumb"},"inLanguage":"et","potentialAction":[{"@type":"ReadAction","target":["https:\/\/swest.ee\/voodipesud\/toode\/mustad-lehed-100-puuvill-exclusive-lux\/"]}]},{"@type":"BreadcrumbList","@id":"https:\/\/swest.ee\/voodipesud\/toode\/mustad-lehed-100-puuvill-exclusive-lux\/#breadcrumb","itemListElement":[{"@type":"ListItem","position":1,"name":"Home","item":"https:\/\/swest.ee\/voodipesud\/"},{"@type":"ListItem","position":2,"name":"Pood","item":"https:\/\/swest.ee\/voodipesud\/pood\/"},{"@type":"ListItem","position":3,"name":"Mustad lehed, 100% puuvill exclusive lux"}]},{"@type":"WebSite","@id":"https:\/\/swest.ee\/voodipesud\/#website","url":"https:\/\/swest.ee\/voodipesud\/","name":"Voodipesu komplektid - Swest","description":"Just another WordPress site","potentialAction":[{"@type":"SearchAction","target":{"@type":"EntryPoint","urlTemplate":"https:\/\/swest.ee\/voodipesud\/?s={search_term_string}"},"query-input":"required name=search_term_string"}],"inLanguage":"et"}]}},"_links":{"self":[{"href":"https:\/\/swest.ee\/voodipesud\/wp-json\/wp\/v2\/product\/14298"}],"collection":[{"href":"https:\/\/swest.ee\/voodipesud\/wp-json\/wp\/v2\/product"}],"about":[{"href":"https:\/\/swest.ee\/voodipesud\/wp-json\/wp\/v2\/types\/product"}],"replies":[{"embeddable":true,"href":"https:\/\/swest.ee\/voodipesud\/wp-json\/wp\/v2\/comments?post=14298"}],"wp:featuredmedia":[{"embeddable":true,"href":"https:\/\/swest.ee\/voodipesud\/wp-json\/wp\/v2\/media\/14510"}],"wp:attachment":[{"href":"https:\/\/swest.ee\/voodipesud\/wp-json\/wp\/v2\/media?parent=14298"}],"wp:term":[{"taxonomy":"product_cat","embeddable":true,"href":"https:\/\/swest.ee\/voodipesud\/wp-json\/wp\/v2\/product_cat?post=14298"},{"taxonomy":"product_tag","embeddable":true,"href":"https:\/\/swest.ee\/voodipesud\/wp-json\/wp\/v2\/product_tag?post=14298"}],"curies":[{"name":"wp","href":"https:\/\/api.w.org\/{rel}","templated":true}]}}