{"id":14365,"date":"2024-11-30T17:23:06","date_gmt":"2024-11-30T14:23:06","guid":{"rendered":"https:\/\/swest.ee\/voodipesud\/?post_type=product&#038;p=14365"},"modified":"2024-12-06T16:20:00","modified_gmt":"2024-12-06T13:20:00","slug":"uhevarviline-triipudega-helelilla-100-puuvilla-satiin","status":"publish","type":"product","link":"https:\/\/swest.ee\/voodipesud\/toode\/uhevarviline-triipudega-helelilla-100-puuvilla-satiin\/","title":{"rendered":"\u00dchev\u00e4rviline triipudega helelilla, 100% puuvilla satiin"},"content":{"rendered":"","protected":false},"excerpt":{"rendered":"<p style=\"text-align: center;\">100% puuvilla satiini kangas. Tegemist on v\u00e4ga kvaliteetse ja m\u00f5nusa kangaga.<\/p>\n<p style=\"text-align: center;\">Pildile ei j\u00e4\u00e4nud p\u00e4ris \u00f5ige toon, ilus hele lilla on, ei ole kreemikas.<\/p>\n<p style=\"text-align: center;\">Kohe kui olen saanud valmis n\u00e4idiskomplekti, siis teen uued pildid.<\/p>\n<p style=\"text-align: center;\">Voodipesud valmivad k\u00e4sit\u00f6\u00f6na vastavalt esitatud m\u00f5\u00f5tudele ja kangavalikule eritellimusena.<br \/>\nHetkel on natukene pikem tarneaeg, valmib 6-10 t\u00f6\u00f6p\u00e4eva jooksul.<\/p>\n<p style=\"text-align: center;\">Ei leidnud sobivat suurust? J\u00e4ta mulle kiri erisoovide alla.<\/p>\n","protected":false},"featured_media":14366,"comment_status":"closed","ping_status":"closed","template":"","meta":[],"product_cat":[71,67],"product_tag":[],"yoast_head":"<!-- This site is optimized with the Yoast SEO plugin v19.14 - https:\/\/yoast.com\/wordpress\/plugins\/seo\/ -->\n<title>\u00dchev\u00e4rviline triipudega helelilla, 100% puuvilla satiin - Voodipesu komplektid - Swest<\/title>\n<meta name=\"robots\" content=\"index, follow, max-snippet:-1, max-image-preview:large, max-video-preview:-1\" \/>\n<link rel=\"canonical\" href=\"https:\/\/swest.ee\/voodipesud\/toode\/uhevarviline-triipudega-helelilla-100-puuvilla-satiin\/\" \/>\n<meta property=\"og:locale\" content=\"et_EE\" \/>\n<meta property=\"og:type\" content=\"article\" \/>\n<meta property=\"og:title\" content=\"\u00dchev\u00e4rviline triipudega helelilla, 100% puuvilla satiin - Voodipesu komplektid - Swest\" \/>\n<meta property=\"og:description\" content=\"100% puuvilla satiini kangas. Tegemist on v\u00e4ga kvaliteetse ja m\u00f5nusa kangaga. Pildile ei j\u00e4\u00e4nud p\u00e4ris \u00f5ige toon, ilus hele lilla on, ei ole kreemikas. Kohe kui olen saanud valmis n\u00e4idiskomplekti, siis teen uued pildid. Voodipesud valmivad k\u00e4sit\u00f6\u00f6na vastavalt esitatud m\u00f5\u00f5tudele ja kangavalikule eritellimusena. Hetkel on natukene pikem tarneaeg, valmib 6-10 t\u00f6\u00f6p\u00e4eva jooksul. Ei leidnud sobivat suurust? J\u00e4ta mulle kiri erisoovide alla.\" \/>\n<meta property=\"og:url\" content=\"https:\/\/swest.ee\/voodipesud\/toode\/uhevarviline-triipudega-helelilla-100-puuvilla-satiin\/\" \/>\n<meta property=\"og:site_name\" content=\"Voodipesu komplektid - Swest\" \/>\n<meta property=\"article:modified_time\" content=\"2024-12-06T13:20:00+00:00\" \/>\n<meta property=\"og:image\" content=\"https:\/\/swest.ee\/voodipesud\/wp-content\/uploads\/2024\/11\/20241130_151402-rotated.jpg\" \/>\n\t<meta property=\"og:image:width\" content=\"3000\" \/>\n\t<meta property=\"og:image:height\" content=\"4000\" \/>\n\t<meta property=\"og:image:type\" content=\"image\/jpeg\" \/>\n<meta name=\"twitter:card\" content=\"summary_large_image\" \/>\n<script type=\"application\/ld+json\" class=\"yoast-schema-graph\">{\"@context\":\"https:\/\/schema.org\",\"@graph\":[{\"@type\":\"WebPage\",\"@id\":\"https:\/\/swest.ee\/voodipesud\/toode\/uhevarviline-triipudega-helelilla-100-puuvilla-satiin\/\",\"url\":\"https:\/\/swest.ee\/voodipesud\/toode\/uhevarviline-triipudega-helelilla-100-puuvilla-satiin\/\",\"name\":\"\u00dchev\u00e4rviline triipudega helelilla, 100% puuvilla satiin - Voodipesu komplektid - Swest\",\"isPartOf\":{\"@id\":\"https:\/\/swest.ee\/voodipesud\/#website\"},\"datePublished\":\"2024-11-30T14:23:06+00:00\",\"dateModified\":\"2024-12-06T13:20:00+00:00\",\"breadcrumb\":{\"@id\":\"https:\/\/swest.ee\/voodipesud\/toode\/uhevarviline-triipudega-helelilla-100-puuvilla-satiin\/#breadcrumb\"},\"inLanguage\":\"et\",\"potentialAction\":[{\"@type\":\"ReadAction\",\"target\":[\"https:\/\/swest.ee\/voodipesud\/toode\/uhevarviline-triipudega-helelilla-100-puuvilla-satiin\/\"]}]},{\"@type\":\"BreadcrumbList\",\"@id\":\"https:\/\/swest.ee\/voodipesud\/toode\/uhevarviline-triipudega-helelilla-100-puuvilla-satiin\/#breadcrumb\",\"itemListElement\":[{\"@type\":\"ListItem\",\"position\":1,\"name\":\"Home\",\"item\":\"https:\/\/swest.ee\/voodipesud\/\"},{\"@type\":\"ListItem\",\"position\":2,\"name\":\"Pood\",\"item\":\"https:\/\/swest.ee\/voodipesud\/pood\/\"},{\"@type\":\"ListItem\",\"position\":3,\"name\":\"\u00dchev\u00e4rviline triipudega helelilla, 100% puuvilla satiin\"}]},{\"@type\":\"WebSite\",\"@id\":\"https:\/\/swest.ee\/voodipesud\/#website\",\"url\":\"https:\/\/swest.ee\/voodipesud\/\",\"name\":\"Voodipesu komplektid - Swest\",\"description\":\"Just another WordPress site\",\"potentialAction\":[{\"@type\":\"SearchAction\",\"target\":{\"@type\":\"EntryPoint\",\"urlTemplate\":\"https:\/\/swest.ee\/voodipesud\/?s={search_term_string}\"},\"query-input\":\"required name=search_term_string\"}],\"inLanguage\":\"et\"}]}<\/script>\n<!-- \/ Yoast SEO plugin. -->","yoast_head_json":{"title":"\u00dchev\u00e4rviline triipudega helelilla, 100% puuvilla satiin - Voodipesu komplektid - Swest","robots":{"index":"index","follow":"follow","max-snippet":"max-snippet:-1","max-image-preview":"max-image-preview:large","max-video-preview":"max-video-preview:-1"},"canonical":"https:\/\/swest.ee\/voodipesud\/toode\/uhevarviline-triipudega-helelilla-100-puuvilla-satiin\/","og_locale":"et_EE","og_type":"article","og_title":"\u00dchev\u00e4rviline triipudega helelilla, 100% puuvilla satiin - Voodipesu komplektid - Swest","og_description":"100% puuvilla satiini kangas. Tegemist on v\u00e4ga kvaliteetse ja m\u00f5nusa kangaga. Pildile ei j\u00e4\u00e4nud p\u00e4ris \u00f5ige toon, ilus hele lilla on, ei ole kreemikas. Kohe kui olen saanud valmis n\u00e4idiskomplekti, siis teen uued pildid. Voodipesud valmivad k\u00e4sit\u00f6\u00f6na vastavalt esitatud m\u00f5\u00f5tudele ja kangavalikule eritellimusena. Hetkel on natukene pikem tarneaeg, valmib 6-10 t\u00f6\u00f6p\u00e4eva jooksul. Ei leidnud sobivat suurust? J\u00e4ta mulle kiri erisoovide alla.","og_url":"https:\/\/swest.ee\/voodipesud\/toode\/uhevarviline-triipudega-helelilla-100-puuvilla-satiin\/","og_site_name":"Voodipesu komplektid - Swest","article_modified_time":"2024-12-06T13:20:00+00:00","og_image":[{"width":3000,"height":4000,"url":"https:\/\/swest.ee\/voodipesud\/wp-content\/uploads\/2024\/11\/20241130_151402-rotated.jpg","type":"image\/jpeg"}],"twitter_card":"summary_large_image","schema":{"@context":"https:\/\/schema.org","@graph":[{"@type":"WebPage","@id":"https:\/\/swest.ee\/voodipesud\/toode\/uhevarviline-triipudega-helelilla-100-puuvilla-satiin\/","url":"https:\/\/swest.ee\/voodipesud\/toode\/uhevarviline-triipudega-helelilla-100-puuvilla-satiin\/","name":"\u00dchev\u00e4rviline triipudega helelilla, 100% puuvilla satiin - Voodipesu komplektid - Swest","isPartOf":{"@id":"https:\/\/swest.ee\/voodipesud\/#website"},"datePublished":"2024-11-30T14:23:06+00:00","dateModified":"2024-12-06T13:20:00+00:00","breadcrumb":{"@id":"https:\/\/swest.ee\/voodipesud\/toode\/uhevarviline-triipudega-helelilla-100-puuvilla-satiin\/#breadcrumb"},"inLanguage":"et","potentialAction":[{"@type":"ReadAction","target":["https:\/\/swest.ee\/voodipesud\/toode\/uhevarviline-triipudega-helelilla-100-puuvilla-satiin\/"]}]},{"@type":"BreadcrumbList","@id":"https:\/\/swest.ee\/voodipesud\/toode\/uhevarviline-triipudega-helelilla-100-puuvilla-satiin\/#breadcrumb","itemListElement":[{"@type":"ListItem","position":1,"name":"Home","item":"https:\/\/swest.ee\/voodipesud\/"},{"@type":"ListItem","position":2,"name":"Pood","item":"https:\/\/swest.ee\/voodipesud\/pood\/"},{"@type":"ListItem","position":3,"name":"\u00dchev\u00e4rviline triipudega helelilla, 100% puuvilla satiin"}]},{"@type":"WebSite","@id":"https:\/\/swest.ee\/voodipesud\/#website","url":"https:\/\/swest.ee\/voodipesud\/","name":"Voodipesu komplektid - Swest","description":"Just another WordPress site","potentialAction":[{"@type":"SearchAction","target":{"@type":"EntryPoint","urlTemplate":"https:\/\/swest.ee\/voodipesud\/?s={search_term_string}"},"query-input":"required name=search_term_string"}],"inLanguage":"et"}]}},"_links":{"self":[{"href":"https:\/\/swest.ee\/voodipesud\/wp-json\/wp\/v2\/product\/14365"}],"collection":[{"href":"https:\/\/swest.ee\/voodipesud\/wp-json\/wp\/v2\/product"}],"about":[{"href":"https:\/\/swest.ee\/voodipesud\/wp-json\/wp\/v2\/types\/product"}],"replies":[{"embeddable":true,"href":"https:\/\/swest.ee\/voodipesud\/wp-json\/wp\/v2\/comments?post=14365"}],"wp:featuredmedia":[{"embeddable":true,"href":"https:\/\/swest.ee\/voodipesud\/wp-json\/wp\/v2\/media\/14366"}],"wp:attachment":[{"href":"https:\/\/swest.ee\/voodipesud\/wp-json\/wp\/v2\/media?parent=14365"}],"wp:term":[{"taxonomy":"product_cat","embeddable":true,"href":"https:\/\/swest.ee\/voodipesud\/wp-json\/wp\/v2\/product_cat?post=14365"},{"taxonomy":"product_tag","embeddable":true,"href":"https:\/\/swest.ee\/voodipesud\/wp-json\/wp\/v2\/product_tag?post=14365"}],"curies":[{"name":"wp","href":"https:\/\/api.w.org\/{rel}","templated":true}]}}