{"id":14412,"date":"2024-12-01T09:49:59","date_gmt":"2024-12-01T06:49:59","guid":{"rendered":"https:\/\/swest.ee\/voodipesud\/?post_type=product&#038;p=14412"},"modified":"2024-12-05T09:35:09","modified_gmt":"2024-12-05T06:35:09","slug":"kahevarviline-vanaroosa-ja-ornament-100-puuvill-exclusive-lux","status":"publish","type":"product","link":"https:\/\/swest.ee\/voodipesud\/toode\/kahevarviline-vanaroosa-ja-ornament-100-puuvill-exclusive-lux\/","title":{"rendered":"Kahev\u00e4rviline- vanaroosa ja ornament, 100% puuvill exclusive lux"},"content":{"rendered":"","protected":false},"excerpt":{"rendered":"<p style=\"text-align: center;\">100% puuvillane kangas. Tootja nimetab seda kangast \u201cexclusive lux ranforce\u201d. Tegemist on v\u00e4ga kvaliteetse ja m\u00f5nusa kangaga.<\/p>\n<p style=\"text-align: center;\">Linana sobib juurde \u00fchev\u00e4rviline vanaroosa:<\/p>\n<p>https:\/\/swest.ee\/voodipesud\/toode\/vanaroosa-uhevarviline-uus-kangas\/<\/p>\n<p style=\"text-align: center;\">Voodipesud valmivad k\u00e4sit\u00f6\u00f6na vastavalt esitatud m\u00f5\u00f5tudele ja kangavalikule eritellimusena.<br \/>\nHetkel on natukene pikem tarneaeg, valmib 6-10 t\u00f6\u00f6p\u00e4eva jooksul.<br \/>\nVoodipesusid pesta pahupidi, et s\u00e4ilitada ilusaid v\u00e4rvitoone!<br \/>\nEi leidnud sobivat suurust? J\u00e4ta mulle kiri erisoovide alla.<\/p>\n","protected":false},"featured_media":14413,"comment_status":"closed","ping_status":"closed","template":"","meta":[],"product_cat":[73,67],"product_tag":[],"yoast_head":"<!-- This site is optimized with the Yoast SEO plugin v19.14 - https:\/\/yoast.com\/wordpress\/plugins\/seo\/ -->\n<title>Kahev\u00e4rviline- vanaroosa ja ornament, 100% puuvill exclusive lux - Voodipesu komplektid - Swest<\/title>\n<meta name=\"robots\" content=\"index, follow, max-snippet:-1, max-image-preview:large, max-video-preview:-1\" \/>\n<link rel=\"canonical\" href=\"https:\/\/swest.ee\/voodipesud\/toode\/kahevarviline-vanaroosa-ja-ornament-100-puuvill-exclusive-lux\/\" \/>\n<meta property=\"og:locale\" content=\"et_EE\" \/>\n<meta property=\"og:type\" content=\"article\" \/>\n<meta property=\"og:title\" content=\"Kahev\u00e4rviline- vanaroosa ja ornament, 100% puuvill exclusive lux - Voodipesu komplektid - Swest\" \/>\n<meta property=\"og:description\" content=\"100% puuvillane kangas. Tootja nimetab seda kangast \u201cexclusive lux ranforce\u201d. Tegemist on v\u00e4ga kvaliteetse ja m\u00f5nusa kangaga. Linana sobib juurde \u00fchev\u00e4rviline vanaroosa: https:\/\/swest.ee\/voodipesud\/toode\/vanaroosa-uhevarviline-uus-kangas\/ Voodipesud valmivad k\u00e4sit\u00f6\u00f6na vastavalt esitatud m\u00f5\u00f5tudele ja kangavalikule eritellimusena. Hetkel on natukene pikem tarneaeg, valmib 6-10 t\u00f6\u00f6p\u00e4eva jooksul. Voodipesusid pesta pahupidi, et s\u00e4ilitada ilusaid v\u00e4rvitoone! Ei leidnud sobivat suurust? J\u00e4ta mulle kiri erisoovide alla.\" \/>\n<meta property=\"og:url\" content=\"https:\/\/swest.ee\/voodipesud\/toode\/kahevarviline-vanaroosa-ja-ornament-100-puuvill-exclusive-lux\/\" \/>\n<meta property=\"og:site_name\" content=\"Voodipesu komplektid - Swest\" \/>\n<meta property=\"article:modified_time\" content=\"2024-12-05T06:35:09+00:00\" \/>\n<meta property=\"og:image\" content=\"https:\/\/swest.ee\/voodipesud\/wp-content\/uploads\/2024\/12\/404419931_712273197628287_8720077139524120119_n.jpg\" \/>\n\t<meta property=\"og:image:width\" content=\"960\" \/>\n\t<meta property=\"og:image:height\" content=\"960\" \/>\n\t<meta property=\"og:image:type\" content=\"image\/jpeg\" \/>\n<meta name=\"twitter:card\" content=\"summary_large_image\" \/>\n<script type=\"application\/ld+json\" class=\"yoast-schema-graph\">{\"@context\":\"https:\/\/schema.org\",\"@graph\":[{\"@type\":\"WebPage\",\"@id\":\"https:\/\/swest.ee\/voodipesud\/toode\/kahevarviline-vanaroosa-ja-ornament-100-puuvill-exclusive-lux\/\",\"url\":\"https:\/\/swest.ee\/voodipesud\/toode\/kahevarviline-vanaroosa-ja-ornament-100-puuvill-exclusive-lux\/\",\"name\":\"Kahev\u00e4rviline- vanaroosa ja ornament, 100% puuvill exclusive lux - Voodipesu komplektid - Swest\",\"isPartOf\":{\"@id\":\"https:\/\/swest.ee\/voodipesud\/#website\"},\"datePublished\":\"2024-12-01T06:49:59+00:00\",\"dateModified\":\"2024-12-05T06:35:09+00:00\",\"breadcrumb\":{\"@id\":\"https:\/\/swest.ee\/voodipesud\/toode\/kahevarviline-vanaroosa-ja-ornament-100-puuvill-exclusive-lux\/#breadcrumb\"},\"inLanguage\":\"et\",\"potentialAction\":[{\"@type\":\"ReadAction\",\"target\":[\"https:\/\/swest.ee\/voodipesud\/toode\/kahevarviline-vanaroosa-ja-ornament-100-puuvill-exclusive-lux\/\"]}]},{\"@type\":\"BreadcrumbList\",\"@id\":\"https:\/\/swest.ee\/voodipesud\/toode\/kahevarviline-vanaroosa-ja-ornament-100-puuvill-exclusive-lux\/#breadcrumb\",\"itemListElement\":[{\"@type\":\"ListItem\",\"position\":1,\"name\":\"Home\",\"item\":\"https:\/\/swest.ee\/voodipesud\/\"},{\"@type\":\"ListItem\",\"position\":2,\"name\":\"Pood\",\"item\":\"https:\/\/swest.ee\/voodipesud\/pood\/\"},{\"@type\":\"ListItem\",\"position\":3,\"name\":\"Kahev\u00e4rviline- vanaroosa ja ornament, 100% puuvill exclusive lux\"}]},{\"@type\":\"WebSite\",\"@id\":\"https:\/\/swest.ee\/voodipesud\/#website\",\"url\":\"https:\/\/swest.ee\/voodipesud\/\",\"name\":\"Voodipesu komplektid - Swest\",\"description\":\"Just another WordPress site\",\"potentialAction\":[{\"@type\":\"SearchAction\",\"target\":{\"@type\":\"EntryPoint\",\"urlTemplate\":\"https:\/\/swest.ee\/voodipesud\/?s={search_term_string}\"},\"query-input\":\"required name=search_term_string\"}],\"inLanguage\":\"et\"}]}<\/script>\n<!-- \/ Yoast SEO plugin. -->","yoast_head_json":{"title":"Kahev\u00e4rviline- vanaroosa ja ornament, 100% puuvill exclusive lux - Voodipesu komplektid - Swest","robots":{"index":"index","follow":"follow","max-snippet":"max-snippet:-1","max-image-preview":"max-image-preview:large","max-video-preview":"max-video-preview:-1"},"canonical":"https:\/\/swest.ee\/voodipesud\/toode\/kahevarviline-vanaroosa-ja-ornament-100-puuvill-exclusive-lux\/","og_locale":"et_EE","og_type":"article","og_title":"Kahev\u00e4rviline- vanaroosa ja ornament, 100% puuvill exclusive lux - Voodipesu komplektid - Swest","og_description":"100% puuvillane kangas. Tootja nimetab seda kangast \u201cexclusive lux ranforce\u201d. Tegemist on v\u00e4ga kvaliteetse ja m\u00f5nusa kangaga. Linana sobib juurde \u00fchev\u00e4rviline vanaroosa: https:\/\/swest.ee\/voodipesud\/toode\/vanaroosa-uhevarviline-uus-kangas\/ Voodipesud valmivad k\u00e4sit\u00f6\u00f6na vastavalt esitatud m\u00f5\u00f5tudele ja kangavalikule eritellimusena. Hetkel on natukene pikem tarneaeg, valmib 6-10 t\u00f6\u00f6p\u00e4eva jooksul. Voodipesusid pesta pahupidi, et s\u00e4ilitada ilusaid v\u00e4rvitoone! Ei leidnud sobivat suurust? J\u00e4ta mulle kiri erisoovide alla.","og_url":"https:\/\/swest.ee\/voodipesud\/toode\/kahevarviline-vanaroosa-ja-ornament-100-puuvill-exclusive-lux\/","og_site_name":"Voodipesu komplektid - Swest","article_modified_time":"2024-12-05T06:35:09+00:00","og_image":[{"width":960,"height":960,"url":"https:\/\/swest.ee\/voodipesud\/wp-content\/uploads\/2024\/12\/404419931_712273197628287_8720077139524120119_n.jpg","type":"image\/jpeg"}],"twitter_card":"summary_large_image","schema":{"@context":"https:\/\/schema.org","@graph":[{"@type":"WebPage","@id":"https:\/\/swest.ee\/voodipesud\/toode\/kahevarviline-vanaroosa-ja-ornament-100-puuvill-exclusive-lux\/","url":"https:\/\/swest.ee\/voodipesud\/toode\/kahevarviline-vanaroosa-ja-ornament-100-puuvill-exclusive-lux\/","name":"Kahev\u00e4rviline- vanaroosa ja ornament, 100% puuvill exclusive lux - Voodipesu komplektid - Swest","isPartOf":{"@id":"https:\/\/swest.ee\/voodipesud\/#website"},"datePublished":"2024-12-01T06:49:59+00:00","dateModified":"2024-12-05T06:35:09+00:00","breadcrumb":{"@id":"https:\/\/swest.ee\/voodipesud\/toode\/kahevarviline-vanaroosa-ja-ornament-100-puuvill-exclusive-lux\/#breadcrumb"},"inLanguage":"et","potentialAction":[{"@type":"ReadAction","target":["https:\/\/swest.ee\/voodipesud\/toode\/kahevarviline-vanaroosa-ja-ornament-100-puuvill-exclusive-lux\/"]}]},{"@type":"BreadcrumbList","@id":"https:\/\/swest.ee\/voodipesud\/toode\/kahevarviline-vanaroosa-ja-ornament-100-puuvill-exclusive-lux\/#breadcrumb","itemListElement":[{"@type":"ListItem","position":1,"name":"Home","item":"https:\/\/swest.ee\/voodipesud\/"},{"@type":"ListItem","position":2,"name":"Pood","item":"https:\/\/swest.ee\/voodipesud\/pood\/"},{"@type":"ListItem","position":3,"name":"Kahev\u00e4rviline- vanaroosa ja ornament, 100% puuvill exclusive lux"}]},{"@type":"WebSite","@id":"https:\/\/swest.ee\/voodipesud\/#website","url":"https:\/\/swest.ee\/voodipesud\/","name":"Voodipesu komplektid - Swest","description":"Just another WordPress site","potentialAction":[{"@type":"SearchAction","target":{"@type":"EntryPoint","urlTemplate":"https:\/\/swest.ee\/voodipesud\/?s={search_term_string}"},"query-input":"required name=search_term_string"}],"inLanguage":"et"}]}},"_links":{"self":[{"href":"https:\/\/swest.ee\/voodipesud\/wp-json\/wp\/v2\/product\/14412"}],"collection":[{"href":"https:\/\/swest.ee\/voodipesud\/wp-json\/wp\/v2\/product"}],"about":[{"href":"https:\/\/swest.ee\/voodipesud\/wp-json\/wp\/v2\/types\/product"}],"replies":[{"embeddable":true,"href":"https:\/\/swest.ee\/voodipesud\/wp-json\/wp\/v2\/comments?post=14412"}],"wp:featuredmedia":[{"embeddable":true,"href":"https:\/\/swest.ee\/voodipesud\/wp-json\/wp\/v2\/media\/14413"}],"wp:attachment":[{"href":"https:\/\/swest.ee\/voodipesud\/wp-json\/wp\/v2\/media?parent=14412"}],"wp:term":[{"taxonomy":"product_cat","embeddable":true,"href":"https:\/\/swest.ee\/voodipesud\/wp-json\/wp\/v2\/product_cat?post=14412"},{"taxonomy":"product_tag","embeddable":true,"href":"https:\/\/swest.ee\/voodipesud\/wp-json\/wp\/v2\/product_tag?post=14412"}],"curies":[{"name":"wp","href":"https:\/\/api.w.org\/{rel}","templated":true}]}}